{"id":2123,"date":"2024-02-19T10:43:14","date_gmt":"2024-02-19T10:43:14","guid":{"rendered":"https:\/\/pizzeria-eraora.it\/unser-teig\/"},"modified":"2024-02-19T10:43:14","modified_gmt":"2024-02-19T10:43:14","slug":"unser-teig","status":"publish","type":"page","link":"https:\/\/pizzeria-eraora.it\/de\/unser-teig\/","title":{"rendered":"Unser Teig"},"content":{"rendered":"<p>Unser Teig wird aus Mehl der Sorte \u201e0\u201c und Vollkornmehl mit einem Feuchtigkeitsgehalt von \u00fcber 60 % hergestellt.<\/p>\n<p>Die Reifezeit des Teigs betr\u00e4gt 48 bis 96 Stunden bei kontrollierter Temperatur.<\/p>\n<p>Die Pizzen werden von Hand ausgerollt, gew\u00fcrzt und im Holzofen bei 350\u00b0 \/ 400\u00b0 C gebacken.<\/p>\n","protected":false},"excerpt":{"rendered":"<p>Unser Teig wird aus Mehl der Sorte \u201e0\u201c und Vollkornmehl mit einem Feuchtigkeitsgehalt von \u00fcber 60 % hergestellt. Die Reifezeit des Teigs betr\u00e4gt 48 bis 96 Stunden bei kontrollierter Temperatur. Die Pizzen werden von Hand ausgerollt, gew\u00fcrzt und im Holzofen bei 350\u00b0 \/ 400\u00b0 C gebacken.<\/p>\n","protected":false},"author":2,"featured_media":1737,"parent":0,"menu_order":0,"comment_status":"closed","ping_status":"closed","template":"template-full-width.php","meta":{"footnotes":""},"class_list":["post-2123","page","type-page","status-publish","has-post-thumbnail","hentry"],"_links":{"self":[{"href":"https:\/\/pizzeria-eraora.it\/de\/wp-json\/wp\/v2\/pages\/2123","targetHints":{"allow":["GET"]}}],"collection":[{"href":"https:\/\/pizzeria-eraora.it\/de\/wp-json\/wp\/v2\/pages"}],"about":[{"href":"https:\/\/pizzeria-eraora.it\/de\/wp-json\/wp\/v2\/types\/page"}],"author":[{"embeddable":true,"href":"https:\/\/pizzeria-eraora.it\/de\/wp-json\/wp\/v2\/users\/2"}],"replies":[{"embeddable":true,"href":"https:\/\/pizzeria-eraora.it\/de\/wp-json\/wp\/v2\/comments?post=2123"}],"version-history":[{"count":0,"href":"https:\/\/pizzeria-eraora.it\/de\/wp-json\/wp\/v2\/pages\/2123\/revisions"}],"wp:featuredmedia":[{"embeddable":true,"href":"https:\/\/pizzeria-eraora.it\/de\/wp-json\/wp\/v2\/media\/1737"}],"wp:attachment":[{"href":"https:\/\/pizzeria-eraora.it\/de\/wp-json\/wp\/v2\/media?parent=2123"}],"curies":[{"name":"wp","href":"https:\/\/api.w.org\/{rel}","templated":true}]}}